{"id":2540,"date":"2024-09-23T23:03:12","date_gmt":"2024-09-23T23:03:12","guid":{"rendered":"https:\/\/www.mybottledesign.com\/?post_type=product&#038;p=2540"},"modified":"2024-11-04T16:20:01","modified_gmt":"2024-11-04T16:20:01","slug":"design-par-mbd","status":"publish","type":"product","link":"https:\/\/www.mybottledesign.com\/en\/product\/design-par-mbd\/","title":{"rendered":"Nous confier votre design: \u00e0 partir de 60\u20ac"},"content":{"rendered":"<p style=\"text-align: justify;\">If you prefer to entrust us with the creation of your design, it is absolutely possible! Send us your specifications with as much detail as possible, as well as your images and logos. Our prices start from \u20ac60 for a simple design, and we will provide you with a personalized quote for more elaborate creations.<\/p>","protected":false},"excerpt":{"rendered":"<p>If you prefer to entrust us with the creation of your design, it is absolutely possible! Send us your specifications with as much detail as possible, as well as your images and logos. Our prices start from \u20ac60 for a simple design, and we will provide you with a personalized quote for more elaborate creations.<\/p>","protected":false},"featured_media":3751,"template":"","meta":{"inline_featured_image":false,"site-sidebar-layout":"default","site-content-layout":"","ast-site-content-layout":"default","site-content-style":"default","site-sidebar-style":"default","ast-global-header-display":"","ast-banner-title-visibility":"","ast-main-header-display":"","ast-hfb-above-header-display":"","ast-hfb-below-header-display":"","ast-hfb-mobile-header-display":"","site-post-title":"","ast-breadcrumbs-content":"","ast-featured-img":"","footer-sml-layout":"","theme-transparent-header-meta":"default","adv-header-id-meta":"","stick-header-meta":"","header-above-stick-meta":"","header-main-stick-meta":"","header-below-stick-meta":"","astra-migrate-meta-layouts":"set","ast-page-background-enabled":"default","ast-page-background-meta":{"desktop":{"background-color":"var(--ast-global-color-4)","background-image":"","background-repeat":"repeat","background-position":"center center","background-size":"auto","background-attachment":"scroll","background-type":"","background-media":"","overlay-type":"","overlay-color":"","overlay-opacity":"","overlay-gradient":""},"tablet":{"background-color":"","background-image":"","background-repeat":"repeat","background-position":"center center","background-size":"auto","background-attachment":"scroll","background-type":"","background-media":"","overlay-type":"","overlay-color":"","overlay-opacity":"","overlay-gradient":""},"mobile":{"background-color":"","background-image":"","background-repeat":"repeat","background-position":"center center","background-size":"auto","background-attachment":"scroll","background-type":"","background-media":"","overlay-type":"","overlay-color":"","overlay-opacity":"","overlay-gradient":""}},"ast-content-background-meta":{"desktop":{"background-color":"var(--ast-global-color-5)","background-image":"","background-repeat":"repeat","background-position":"center center","background-size":"auto","background-attachment":"scroll","background-type":"","background-media":"","overlay-type":"","overlay-color":"","overlay-opacity":"","overlay-gradient":""},"tablet":{"background-color":"var(--ast-global-color-5)","background-image":"","background-repeat":"repeat","background-position":"center center","background-size":"auto","background-attachment":"scroll","background-type":"","background-media":"","overlay-type":"","overlay-color":"","overlay-opacity":"","overlay-gradient":""},"mobile":{"background-color":"var(--ast-global-color-5)","background-image":"","background-repeat":"repeat","background-position":"center center","background-size":"auto","background-attachment":"scroll","background-type":"","background-media":"","overlay-type":"","overlay-color":"","overlay-opacity":"","overlay-gradient":""}}},"product_brand":[],"product_cat":[41],"product_tag":[],"class_list":{"0":"post-2540","1":"product","2":"type-product","3":"status-publish","4":"has-post-thumbnail","6":"product_cat-design","7":"desktop-align-left","8":"tablet-align-left","9":"mobile-align-left","11":"first","12":"instock","13":"taxable","14":"shipping-taxable","15":"purchasable","16":"product-type-simple"},"yoast_head":"<!-- This site is optimized with the Yoast SEO plugin v26.0 - https:\/\/yoast.com\/wordpress\/plugins\/seo\/ -->\n<title>Nous confier votre design: \u00e0 partir de 60\u20ac - My Bottle Design<\/title>\n<meta name=\"robots\" content=\"index, follow, max-snippet:-1, max-image-preview:large, max-video-preview:-1\" \/>\n<link rel=\"canonical\" href=\"https:\/\/www.mybottledesign.com\/en\/product\/design-par-mbd\/\" \/>\n<meta property=\"og:locale\" content=\"en_GB\" \/>\n<meta property=\"og:type\" content=\"article\" \/>\n<meta property=\"og:title\" content=\"Nous confier votre design: \u00e0 partir de 60\u20ac - My Bottle Design\" \/>\n<meta property=\"og:description\" content=\"Si vous pr\u00e9f\u00e9rez nous confier la cr\u00e9ation de votre design, c\u2019est tout \u00e0 fait possible\u202f! Transmettez-nous votre cahier des charges avec le maximum de d\u00e9tails, ainsi que vos images et logos. Nos tarifs commencent \u00e0 partir de 60\u20ac pour un design simple, et nous vous proposerons un devis personnalis\u00e9 pour des cr\u00e9ations plus \u00e9labor\u00e9es.\" \/>\n<meta property=\"og:url\" content=\"https:\/\/www.mybottledesign.com\/en\/product\/design-par-mbd\/\" \/>\n<meta property=\"og:site_name\" content=\"My Bottle Design\" \/>\n<meta property=\"article:modified_time\" content=\"2024-11-04T16:20:01+00:00\" \/>\n<meta property=\"og:image\" content=\"https:\/\/www.mybottledesign.com\/wp-content\/uploads\/2024\/09\/personalized-label-.webp\" \/>\n\t<meta property=\"og:image:width\" content=\"1024\" \/>\n\t<meta property=\"og:image:height\" content=\"1024\" \/>\n\t<meta property=\"og:image:type\" content=\"image\/webp\" \/>\n<meta name=\"twitter:card\" content=\"summary_large_image\" \/>\n<meta name=\"twitter:label1\" content=\"Estimated reading time\" \/>\n\t<meta name=\"twitter:data1\" content=\"1 minute\" \/>\n<script type=\"application\/ld+json\" class=\"yoast-schema-graph\">{\"@context\":\"https:\/\/schema.org\",\"@graph\":[{\"@type\":\"WebPage\",\"@id\":\"https:\/\/www.mybottledesign.com\/produit\/design-par-mbd\/\",\"url\":\"https:\/\/www.mybottledesign.com\/produit\/design-par-mbd\/\",\"name\":\"Nous confier votre design: \u00e0 partir de 60\u20ac - My Bottle Design\",\"isPartOf\":{\"@id\":\"https:\/\/www.mybottledesign.com\/#website\"},\"primaryImageOfPage\":{\"@id\":\"https:\/\/www.mybottledesign.com\/produit\/design-par-mbd\/#primaryimage\"},\"image\":{\"@id\":\"https:\/\/www.mybottledesign.com\/produit\/design-par-mbd\/#primaryimage\"},\"thumbnailUrl\":\"https:\/\/www.mybottledesign.com\/wp-content\/uploads\/2024\/09\/personalized-label-.webp\",\"datePublished\":\"2024-09-23T23:03:12+00:00\",\"dateModified\":\"2024-11-04T16:20:01+00:00\",\"breadcrumb\":{\"@id\":\"https:\/\/www.mybottledesign.com\/produit\/design-par-mbd\/#breadcrumb\"},\"inLanguage\":\"en-GB\",\"potentialAction\":[{\"@type\":\"ReadAction\",\"target\":[\"https:\/\/www.mybottledesign.com\/produit\/design-par-mbd\/\"]}]},{\"@type\":\"ImageObject\",\"inLanguage\":\"en-GB\",\"@id\":\"https:\/\/www.mybottledesign.com\/produit\/design-par-mbd\/#primaryimage\",\"url\":\"https:\/\/www.mybottledesign.com\/wp-content\/uploads\/2024\/09\/personalized-label-.webp\",\"contentUrl\":\"https:\/\/www.mybottledesign.com\/wp-content\/uploads\/2024\/09\/personalized-label-.webp\",\"width\":1024,\"height\":1024},{\"@type\":\"BreadcrumbList\",\"@id\":\"https:\/\/www.mybottledesign.com\/produit\/design-par-mbd\/#breadcrumb\",\"itemListElement\":[{\"@type\":\"ListItem\",\"position\":1,\"name\":\"Accueil\",\"item\":\"https:\/\/www.mybottledesign.com\/\"},{\"@type\":\"ListItem\",\"position\":2,\"name\":\"Shop\",\"item\":\"https:\/\/www.mybottledesign.com\/shop\/\"},{\"@type\":\"ListItem\",\"position\":3,\"name\":\"Nous confier votre design: \u00e0 partir de 60\u20ac\"}]},{\"@type\":\"WebSite\",\"@id\":\"https:\/\/www.mybottledesign.com\/#website\",\"url\":\"https:\/\/www.mybottledesign.com\/\",\"name\":\"My bottle design\",\"description\":\"Bouteilles personnalis\u00e9es\",\"publisher\":{\"@id\":\"https:\/\/www.mybottledesign.com\/#organization\"},\"potentialAction\":[{\"@type\":\"SearchAction\",\"target\":{\"@type\":\"EntryPoint\",\"urlTemplate\":\"https:\/\/www.mybottledesign.com\/?s={search_term_string}\"},\"query-input\":{\"@type\":\"PropertyValueSpecification\",\"valueRequired\":true,\"valueName\":\"search_term_string\"}}],\"inLanguage\":\"en-GB\"},{\"@type\":\"Organization\",\"@id\":\"https:\/\/www.mybottledesign.com\/#organization\",\"name\":\"My bottle design\",\"url\":\"https:\/\/www.mybottledesign.com\/\",\"logo\":{\"@type\":\"ImageObject\",\"inLanguage\":\"en-GB\",\"@id\":\"https:\/\/www.mybottledesign.com\/#\/schema\/logo\/image\/\",\"url\":\"https:\/\/www.mybottledesign.com\/wp-content\/uploads\/2024\/10\/cropped-cropped-logoblack-1.png\",\"contentUrl\":\"https:\/\/www.mybottledesign.com\/wp-content\/uploads\/2024\/10\/cropped-cropped-logoblack-1.png\",\"width\":671,\"height\":66,\"caption\":\"My bottle design\"},\"image\":{\"@id\":\"https:\/\/www.mybottledesign.com\/#\/schema\/logo\/image\/\"}}]}<\/script>\n<!-- \/ Yoast SEO plugin. -->","yoast_head_json":{"title":"Nous confier votre design: \u00e0 partir de 60\u20ac - My Bottle Design","robots":{"index":"index","follow":"follow","max-snippet":"max-snippet:-1","max-image-preview":"max-image-preview:large","max-video-preview":"max-video-preview:-1"},"canonical":"https:\/\/www.mybottledesign.com\/en\/product\/design-par-mbd\/","og_locale":"en_GB","og_type":"article","og_title":"Nous confier votre design: \u00e0 partir de 60\u20ac - My Bottle Design","og_description":"Si vous pr\u00e9f\u00e9rez nous confier la cr\u00e9ation de votre design, c\u2019est tout \u00e0 fait possible\u202f! Transmettez-nous votre cahier des charges avec le maximum de d\u00e9tails, ainsi que vos images et logos. Nos tarifs commencent \u00e0 partir de 60\u20ac pour un design simple, et nous vous proposerons un devis personnalis\u00e9 pour des cr\u00e9ations plus \u00e9labor\u00e9es.","og_url":"https:\/\/www.mybottledesign.com\/en\/product\/design-par-mbd\/","og_site_name":"My Bottle Design","article_modified_time":"2024-11-04T16:20:01+00:00","og_image":[{"width":1024,"height":1024,"url":"https:\/\/www.mybottledesign.com\/wp-content\/uploads\/2024\/09\/personalized-label-.webp","type":"image\/webp"}],"twitter_card":"summary_large_image","twitter_misc":{"Estimated reading time":"1 minute"},"schema":{"@context":"https:\/\/schema.org","@graph":[{"@type":"WebPage","@id":"https:\/\/www.mybottledesign.com\/produit\/design-par-mbd\/","url":"https:\/\/www.mybottledesign.com\/produit\/design-par-mbd\/","name":"Nous confier votre design: \u00e0 partir de 60\u20ac - My Bottle Design","isPartOf":{"@id":"https:\/\/www.mybottledesign.com\/#website"},"primaryImageOfPage":{"@id":"https:\/\/www.mybottledesign.com\/produit\/design-par-mbd\/#primaryimage"},"image":{"@id":"https:\/\/www.mybottledesign.com\/produit\/design-par-mbd\/#primaryimage"},"thumbnailUrl":"https:\/\/www.mybottledesign.com\/wp-content\/uploads\/2024\/09\/personalized-label-.webp","datePublished":"2024-09-23T23:03:12+00:00","dateModified":"2024-11-04T16:20:01+00:00","breadcrumb":{"@id":"https:\/\/www.mybottledesign.com\/produit\/design-par-mbd\/#breadcrumb"},"inLanguage":"en-GB","potentialAction":[{"@type":"ReadAction","target":["https:\/\/www.mybottledesign.com\/produit\/design-par-mbd\/"]}]},{"@type":"ImageObject","inLanguage":"en-GB","@id":"https:\/\/www.mybottledesign.com\/produit\/design-par-mbd\/#primaryimage","url":"https:\/\/www.mybottledesign.com\/wp-content\/uploads\/2024\/09\/personalized-label-.webp","contentUrl":"https:\/\/www.mybottledesign.com\/wp-content\/uploads\/2024\/09\/personalized-label-.webp","width":1024,"height":1024},{"@type":"BreadcrumbList","@id":"https:\/\/www.mybottledesign.com\/produit\/design-par-mbd\/#breadcrumb","itemListElement":[{"@type":"ListItem","position":1,"name":"Accueil","item":"https:\/\/www.mybottledesign.com\/"},{"@type":"ListItem","position":2,"name":"Shop","item":"https:\/\/www.mybottledesign.com\/shop\/"},{"@type":"ListItem","position":3,"name":"Nous confier votre design: \u00e0 partir de 60\u20ac"}]},{"@type":"WebSite","@id":"https:\/\/www.mybottledesign.com\/#website","url":"https:\/\/www.mybottledesign.com\/","name":"My bottle design","description":"Bouteilles personnalis\u00e9es","publisher":{"@id":"https:\/\/www.mybottledesign.com\/#organization"},"potentialAction":[{"@type":"SearchAction","target":{"@type":"EntryPoint","urlTemplate":"https:\/\/www.mybottledesign.com\/?s={search_term_string}"},"query-input":{"@type":"PropertyValueSpecification","valueRequired":true,"valueName":"search_term_string"}}],"inLanguage":"en-GB"},{"@type":"Organization","@id":"https:\/\/www.mybottledesign.com\/#organization","name":"My bottle design","url":"https:\/\/www.mybottledesign.com\/","logo":{"@type":"ImageObject","inLanguage":"en-GB","@id":"https:\/\/www.mybottledesign.com\/#\/schema\/logo\/image\/","url":"https:\/\/www.mybottledesign.com\/wp-content\/uploads\/2024\/10\/cropped-cropped-logoblack-1.png","contentUrl":"https:\/\/www.mybottledesign.com\/wp-content\/uploads\/2024\/10\/cropped-cropped-logoblack-1.png","width":671,"height":66,"caption":"My bottle design"},"image":{"@id":"https:\/\/www.mybottledesign.com\/#\/schema\/logo\/image\/"}}]}},"_links":{"self":[{"href":"https:\/\/www.mybottledesign.com\/en\/wp-json\/wp\/v2\/product\/2540","targetHints":{"allow":["GET"]}}],"collection":[{"href":"https:\/\/www.mybottledesign.com\/en\/wp-json\/wp\/v2\/product"}],"about":[{"href":"https:\/\/www.mybottledesign.com\/en\/wp-json\/wp\/v2\/types\/product"}],"version-history":[{"count":0,"href":"https:\/\/www.mybottledesign.com\/en\/wp-json\/wp\/v2\/product\/2540\/revisions"}],"wp:featuredmedia":[{"embeddable":true,"href":"https:\/\/www.mybottledesign.com\/en\/wp-json\/wp\/v2\/media\/3751"}],"wp:attachment":[{"href":"https:\/\/www.mybottledesign.com\/en\/wp-json\/wp\/v2\/media?parent=2540"}],"wp:term":[{"taxonomy":"product_brand","embeddable":true,"href":"https:\/\/www.mybottledesign.com\/en\/wp-json\/wp\/v2\/product_brand?post=2540"},{"taxonomy":"product_cat","embeddable":true,"href":"https:\/\/www.mybottledesign.com\/en\/wp-json\/wp\/v2\/product_cat?post=2540"},{"taxonomy":"product_tag","embeddable":true,"href":"https:\/\/www.mybottledesign.com\/en\/wp-json\/wp\/v2\/product_tag?post=2540"}],"curies":[{"name":"wp","href":"https:\/\/api.w.org\/{rel}","templated":true}]}}